{"id":3301,"date":"2018-01-11T11:27:40","date_gmt":"2018-01-11T11:27:40","guid":{"rendered":"https:\/\/www.wromwrom.net\/uber-uns\/"},"modified":"2018-01-11T11:27:40","modified_gmt":"2018-01-11T11:27:40","slug":"uber-uns","status":"publish","type":"page","link":"https:\/\/www.wromwrom.net\/de\/uber-uns\/","title":{"rendered":"\u00dcber uns"},"content":{"rendered":"<p>Wir sind verr\u00fcckt nach Rennen, und verr\u00fcckt nach allem, was mit Rennsimulationen zu tun hat.<\/p>\n<p>Wir w\u00fcrden unsere Seelen verkaufen, um Eau Rouge jedes Mal genau richtig zu fahren.<\/p>\n<p>Auf unserer Seite erwarten dich Videos, Rezensionen und allerlei interessante Inhalte, die mit Geschwindigkeit auf klassischem, modernem oder erfundenem Asphalt zu tun haben. Und viele, viele Gespr\u00e4che mit anderen Fans.<\/p>\n<p>Wenn du gerne Rennen f\u00e4hrst oder Rennen sehen m\u00f6chtest, bist du hier genau richtig und herzlich eingeladen, dich zu allem und jedem zu \u00e4u\u00dfern, was uns Benzink\u00f6pfe bewegt.<\/p>\n","protected":false},"excerpt":{"rendered":"<p>Wir sind verr\u00fcckt nach Rennen, und verr\u00fcckt nach allem, was mit Rennsimulationen zu tun hat. Wir w\u00fcrden unsere Seelen verkaufen, um Eau Rouge jedes Mal genau richtig zu fahren. Auf unserer Seite erwarten dich Videos, Rezensionen und allerlei interessante Inhalte, die mit Geschwindigkeit auf klassischem, modernem oder erfundenem Asphalt zu tun haben. Und viele, viele [&hellip;]<\/p>\n","protected":false},"author":1,"featured_media":0,"parent":0,"menu_order":0,"comment_status":"closed","ping_status":"closed","template":"","meta":{"_et_pb_use_builder":"","_et_pb_old_content":"","_et_gb_content_width":"","episode_type":"","audio_file":"","podmotor_file_id":"","podmotor_episode_id":"","cover_image":"","cover_image_id":"","duration":"","filesize":"","filesize_raw":"","date_recorded":"","explicit":"","block":"","itunes_episode_number":"","itunes_title":"","itunes_season_number":"","itunes_episode_type":"","footnotes":""},"class_list":["post-3301","page","type-page","status-publish","hentry"],"yoast_head":"<!-- This site is optimized with the Yoast SEO plugin v27.5 - https:\/\/yoast.com\/product\/yoast-seo-wordpress\/ -->\n<title>\u00dcber uns - WromWrom.net<\/title>\n<meta name=\"robots\" content=\"index, follow, max-snippet:-1, max-image-preview:large, max-video-preview:-1\" \/>\n<link rel=\"canonical\" href=\"https:\/\/www.wromwrom.net\/de\/uber-uns\/\" \/>\n<meta property=\"og:locale\" content=\"de_DE\" \/>\n<meta property=\"og:type\" content=\"article\" \/>\n<meta property=\"og:title\" content=\"\u00dcber uns - WromWrom.net\" \/>\n<meta property=\"og:description\" content=\"Wir sind verr\u00fcckt nach Rennen, und verr\u00fcckt nach allem, was mit Rennsimulationen zu tun hat. Wir w\u00fcrden unsere Seelen verkaufen, um Eau Rouge jedes Mal genau richtig zu fahren. Auf unserer Seite erwarten dich Videos, Rezensionen und allerlei interessante Inhalte, die mit Geschwindigkeit auf klassischem, modernem oder erfundenem Asphalt zu tun haben. Und viele, viele [&hellip;]\" \/>\n<meta property=\"og:url\" content=\"https:\/\/www.wromwrom.net\/de\/uber-uns\/\" \/>\n<meta property=\"og:site_name\" content=\"WromWrom.net\" \/>\n<meta property=\"article:publisher\" content=\"https:\/\/www.facebook.com\/WromWrom.net\/\" \/>\n<meta name=\"twitter:card\" content=\"summary_large_image\" \/>\n<meta name=\"twitter:site\" content=\"@wromwromracing\" \/>\n<script type=\"application\/ld+json\" class=\"yoast-schema-graph\">{\"@context\":\"https:\\\/\\\/schema.org\",\"@graph\":[{\"@type\":\"WebPage\",\"@id\":\"https:\\\/\\\/www.wromwrom.net\\\/de\\\/uber-uns\\\/\",\"url\":\"https:\\\/\\\/www.wromwrom.net\\\/de\\\/uber-uns\\\/\",\"name\":\"\u00dcber uns - WromWrom.net\",\"isPartOf\":{\"@id\":\"https:\\\/\\\/www.wromwrom.net\\\/de\\\/#website\"},\"datePublished\":\"2018-01-11T11:27:40+00:00\",\"breadcrumb\":{\"@id\":\"https:\\\/\\\/www.wromwrom.net\\\/de\\\/uber-uns\\\/#breadcrumb\"},\"inLanguage\":\"de\",\"potentialAction\":[{\"@type\":\"ReadAction\",\"target\":[\"https:\\\/\\\/www.wromwrom.net\\\/de\\\/uber-uns\\\/\"]}]},{\"@type\":\"BreadcrumbList\",\"@id\":\"https:\\\/\\\/www.wromwrom.net\\\/de\\\/uber-uns\\\/#breadcrumb\",\"itemListElement\":[{\"@type\":\"ListItem\",\"position\":1,\"name\":\"Home\",\"item\":\"https:\\\/\\\/www.wromwrom.net\\\/de\\\/\"},{\"@type\":\"ListItem\",\"position\":2,\"name\":\"\u00dcber uns\"}]},{\"@type\":\"WebSite\",\"@id\":\"https:\\\/\\\/www.wromwrom.net\\\/de\\\/#website\",\"url\":\"https:\\\/\\\/www.wromwrom.net\\\/de\\\/\",\"name\":\"WromWrom.net\",\"description\":\"Mad about Racing\",\"publisher\":{\"@id\":\"https:\\\/\\\/www.wromwrom.net\\\/de\\\/#organization\"},\"potentialAction\":[{\"@type\":\"SearchAction\",\"target\":{\"@type\":\"EntryPoint\",\"urlTemplate\":\"https:\\\/\\\/www.wromwrom.net\\\/de\\\/?s={search_term_string}\"},\"query-input\":{\"@type\":\"PropertyValueSpecification\",\"valueRequired\":true,\"valueName\":\"search_term_string\"}}],\"inLanguage\":\"de\"},{\"@type\":\"Organization\",\"@id\":\"https:\\\/\\\/www.wromwrom.net\\\/de\\\/#organization\",\"name\":\"WromWrom.net\",\"url\":\"https:\\\/\\\/www.wromwrom.net\\\/de\\\/\",\"logo\":{\"@type\":\"ImageObject\",\"inLanguage\":\"de\",\"@id\":\"https:\\\/\\\/www.wromwrom.net\\\/de\\\/#\\\/schema\\\/logo\\\/image\\\/\",\"url\":\"https:\\\/\\\/www.wromwrom.net\\\/wp-content\\\/uploads\\\/2017\\\/12\\\/Logobeta-1.png\",\"contentUrl\":\"https:\\\/\\\/www.wromwrom.net\\\/wp-content\\\/uploads\\\/2017\\\/12\\\/Logobeta-1.png\",\"width\":512,\"height\":165,\"caption\":\"WromWrom.net\"},\"image\":{\"@id\":\"https:\\\/\\\/www.wromwrom.net\\\/de\\\/#\\\/schema\\\/logo\\\/image\\\/\"},\"sameAs\":[\"https:\\\/\\\/www.facebook.com\\\/WromWrom.net\\\/\",\"https:\\\/\\\/x.com\\\/wromwromracing\",\"https:\\\/\\\/www.youtube.com\\\/WromWrom\"]}]}<\/script>\n<!-- \/ Yoast SEO plugin. -->","yoast_head_json":{"title":"\u00dcber uns - WromWrom.net","robots":{"index":"index","follow":"follow","max-snippet":"max-snippet:-1","max-image-preview":"max-image-preview:large","max-video-preview":"max-video-preview:-1"},"canonical":"https:\/\/www.wromwrom.net\/de\/uber-uns\/","og_locale":"de_DE","og_type":"article","og_title":"\u00dcber uns - WromWrom.net","og_description":"Wir sind verr\u00fcckt nach Rennen, und verr\u00fcckt nach allem, was mit Rennsimulationen zu tun hat. Wir w\u00fcrden unsere Seelen verkaufen, um Eau Rouge jedes Mal genau richtig zu fahren. Auf unserer Seite erwarten dich Videos, Rezensionen und allerlei interessante Inhalte, die mit Geschwindigkeit auf klassischem, modernem oder erfundenem Asphalt zu tun haben. Und viele, viele [&hellip;]","og_url":"https:\/\/www.wromwrom.net\/de\/uber-uns\/","og_site_name":"WromWrom.net","article_publisher":"https:\/\/www.facebook.com\/WromWrom.net\/","twitter_card":"summary_large_image","twitter_site":"@wromwromracing","schema":{"@context":"https:\/\/schema.org","@graph":[{"@type":"WebPage","@id":"https:\/\/www.wromwrom.net\/de\/uber-uns\/","url":"https:\/\/www.wromwrom.net\/de\/uber-uns\/","name":"\u00dcber uns - WromWrom.net","isPartOf":{"@id":"https:\/\/www.wromwrom.net\/de\/#website"},"datePublished":"2018-01-11T11:27:40+00:00","breadcrumb":{"@id":"https:\/\/www.wromwrom.net\/de\/uber-uns\/#breadcrumb"},"inLanguage":"de","potentialAction":[{"@type":"ReadAction","target":["https:\/\/www.wromwrom.net\/de\/uber-uns\/"]}]},{"@type":"BreadcrumbList","@id":"https:\/\/www.wromwrom.net\/de\/uber-uns\/#breadcrumb","itemListElement":[{"@type":"ListItem","position":1,"name":"Home","item":"https:\/\/www.wromwrom.net\/de\/"},{"@type":"ListItem","position":2,"name":"\u00dcber uns"}]},{"@type":"WebSite","@id":"https:\/\/www.wromwrom.net\/de\/#website","url":"https:\/\/www.wromwrom.net\/de\/","name":"WromWrom.net","description":"Mad about Racing","publisher":{"@id":"https:\/\/www.wromwrom.net\/de\/#organization"},"potentialAction":[{"@type":"SearchAction","target":{"@type":"EntryPoint","urlTemplate":"https:\/\/www.wromwrom.net\/de\/?s={search_term_string}"},"query-input":{"@type":"PropertyValueSpecification","valueRequired":true,"valueName":"search_term_string"}}],"inLanguage":"de"},{"@type":"Organization","@id":"https:\/\/www.wromwrom.net\/de\/#organization","name":"WromWrom.net","url":"https:\/\/www.wromwrom.net\/de\/","logo":{"@type":"ImageObject","inLanguage":"de","@id":"https:\/\/www.wromwrom.net\/de\/#\/schema\/logo\/image\/","url":"https:\/\/www.wromwrom.net\/wp-content\/uploads\/2017\/12\/Logobeta-1.png","contentUrl":"https:\/\/www.wromwrom.net\/wp-content\/uploads\/2017\/12\/Logobeta-1.png","width":512,"height":165,"caption":"WromWrom.net"},"image":{"@id":"https:\/\/www.wromwrom.net\/de\/#\/schema\/logo\/image\/"},"sameAs":["https:\/\/www.facebook.com\/WromWrom.net\/","https:\/\/x.com\/wromwromracing","https:\/\/www.youtube.com\/WromWrom"]}]}},"_links":{"self":[{"href":"https:\/\/www.wromwrom.net\/de\/wp-json\/wp\/v2\/pages\/3301","targetHints":{"allow":["GET"]}}],"collection":[{"href":"https:\/\/www.wromwrom.net\/de\/wp-json\/wp\/v2\/pages"}],"about":[{"href":"https:\/\/www.wromwrom.net\/de\/wp-json\/wp\/v2\/types\/page"}],"author":[{"embeddable":true,"href":"https:\/\/www.wromwrom.net\/de\/wp-json\/wp\/v2\/users\/1"}],"replies":[{"embeddable":true,"href":"https:\/\/www.wromwrom.net\/de\/wp-json\/wp\/v2\/comments?post=3301"}],"version-history":[{"count":0,"href":"https:\/\/www.wromwrom.net\/de\/wp-json\/wp\/v2\/pages\/3301\/revisions"}],"wp:attachment":[{"href":"https:\/\/www.wromwrom.net\/de\/wp-json\/wp\/v2\/media?parent=3301"}],"curies":[{"name":"wp","href":"https:\/\/api.w.org\/{rel}","templated":true}]}}