{"id":11597,"date":"2018-02-25T15:48:22","date_gmt":"2018-02-25T14:48:22","guid":{"rendered":"https:\/\/www.wromwrom.net\/produkt\/rechberg-rennen-groer-bergpreis-von-sterreich-int\/"},"modified":"2018-09-29T05:09:13","modified_gmt":"2018-09-29T03:09:13","slug":"rechberg-rennen-groer-bergpreis-von-sterreich-int","status":"publish","type":"product","link":"https:\/\/www.wromwrom.net\/de\/produkt\/rechberg-rennen-groer-bergpreis-von-sterreich-int\/","title":{"rendered":"Rechberg Rennen &#8220;Gro\u00dfer Bergpreis von \u00d6sterreich&#8221; Int."},"content":{"rendered":"<p>Are you the author of the mod and we did not give you proper credit? Please <a href=\"\/?page_id=369\">get in contact with us<\/a> so we can correct our error!<br \/>\nDo we have wrong information on the page? Please <a href=\"\/?page_id=369\">let us know<\/a> so we can correct it!<br \/>\nAre you missing a mod, or do you want to upload your mod? <a href=\"\/?page_id=362\">Get in contact<\/a> with us so we can add the mod to our database!<\/p>\n<p>[subscribe2]<\/p>\n","protected":false},"excerpt":{"rendered":"<p>Are you the author of the mod and we did not give you proper credit? Please get in contact with us so we can correct our error! Do we have wrong information on the page? Please let us know so we can correct it! Are you missing a mod, or do you want to upload [&hellip;]<\/p>\n","protected":false},"featured_media":11600,"comment_status":"open","ping_status":"closed","template":"","meta":{"_et_pb_use_builder":"","_et_pb_old_content":"","_et_gb_content_width":"","episode_type":"","audio_file":"","podmotor_file_id":"","podmotor_episode_id":"","cover_image":"","cover_image_id":"","duration":"","filesize":"","filesize_raw":"","date_recorded":"","explicit":"","block":"","itunes_episode_number":"","itunes_title":"","itunes_season_number":"","itunes_episode_type":""},"product_brand":[],"product_cat":[81],"product_tag":[],"class_list":{"0":"post-11597","1":"product","2":"type-product","3":"status-publish","4":"has-post-thumbnail","6":"product_cat-strecke","7":"pa_dlc-nein","8":"pa_from-year-2011-de","9":"pa_in-game-nein","10":"pa_made-for-hillclimb-de","11":"pa_mod-author-renntom-de","13":"first","14":"instock","15":"downloadable","16":"virtual","17":"product-type-simple"},"yoast_head":"<!-- This site is optimized with the Yoast SEO plugin v27.5 - https:\/\/yoast.com\/product\/yoast-seo-wordpress\/ -->\n<title>Rechberg Rennen &quot;Gro\u00dfer Bergpreis von \u00d6sterreich&quot; Int. - WromWrom.net<\/title>\n<meta name=\"robots\" content=\"index, follow, max-snippet:-1, max-image-preview:large, max-video-preview:-1\" \/>\n<link rel=\"canonical\" href=\"https:\/\/www.wromwrom.net\/de\/produkt\/rechberg-rennen-groer-bergpreis-von-sterreich-int\/\" \/>\n<meta property=\"og:locale\" content=\"de_DE\" \/>\n<meta property=\"og:type\" content=\"article\" \/>\n<meta property=\"og:title\" content=\"Rechberg Rennen &quot;Gro\u00dfer Bergpreis von \u00d6sterreich&quot; Int. - WromWrom.net\" \/>\n<meta property=\"og:description\" content=\"Are you the author of the mod and we did not give you proper credit? Please get in contact with us so we can correct our error! Do we have wrong information on the page? Please let us know so we can correct it! Are you missing a mod, or do you want to upload [&hellip;]\" \/>\n<meta property=\"og:url\" content=\"https:\/\/www.wromwrom.net\/de\/produkt\/rechberg-rennen-groer-bergpreis-von-sterreich-int\/\" \/>\n<meta property=\"og:site_name\" content=\"WromWrom.net\" \/>\n<meta property=\"article:publisher\" content=\"https:\/\/www.facebook.com\/WromWrom.net\/\" \/>\n<meta property=\"article:modified_time\" content=\"2018-09-29T03:09:13+00:00\" \/>\n<meta property=\"og:image\" content=\"https:\/\/www.wromwrom.net\/wp-content\/uploads\/2018\/02\/Rechberg-Rennen-Gro\u00dfer-Bergpreis-von-\u00d6sterreich-Int.-1.png\" \/>\n\t<meta property=\"og:image:width\" content=\"370\" \/>\n\t<meta property=\"og:image:height\" content=\"244\" \/>\n\t<meta property=\"og:image:type\" content=\"image\/png\" \/>\n<meta name=\"twitter:card\" content=\"summary_large_image\" \/>\n<meta name=\"twitter:site\" content=\"@wromwromracing\" \/>\n<script type=\"application\/ld+json\" class=\"yoast-schema-graph\">{\"@context\":\"https:\\\/\\\/schema.org\",\"@graph\":[{\"@type\":\"WebPage\",\"@id\":\"https:\\\/\\\/www.wromwrom.net\\\/de\\\/produkt\\\/rechberg-rennen-groer-bergpreis-von-sterreich-int\\\/\",\"url\":\"https:\\\/\\\/www.wromwrom.net\\\/de\\\/produkt\\\/rechberg-rennen-groer-bergpreis-von-sterreich-int\\\/\",\"name\":\"Rechberg Rennen \\\"Gro\u00dfer Bergpreis von \u00d6sterreich\\\" Int. - WromWrom.net\",\"isPartOf\":{\"@id\":\"https:\\\/\\\/www.wromwrom.net\\\/de\\\/#website\"},\"primaryImageOfPage\":{\"@id\":\"https:\\\/\\\/www.wromwrom.net\\\/de\\\/produkt\\\/rechberg-rennen-groer-bergpreis-von-sterreich-int\\\/#primaryimage\"},\"image\":{\"@id\":\"https:\\\/\\\/www.wromwrom.net\\\/de\\\/produkt\\\/rechberg-rennen-groer-bergpreis-von-sterreich-int\\\/#primaryimage\"},\"thumbnailUrl\":\"https:\\\/\\\/www.wromwrom.net\\\/wp-content\\\/uploads\\\/2018\\\/02\\\/Rechberg-Rennen-Gro\u00dfer-Bergpreis-von-\u00d6sterreich-Int.-1.png\",\"datePublished\":\"2018-02-25T14:48:22+00:00\",\"dateModified\":\"2018-09-29T03:09:13+00:00\",\"breadcrumb\":{\"@id\":\"https:\\\/\\\/www.wromwrom.net\\\/de\\\/produkt\\\/rechberg-rennen-groer-bergpreis-von-sterreich-int\\\/#breadcrumb\"},\"inLanguage\":\"de\",\"potentialAction\":[{\"@type\":\"ReadAction\",\"target\":[\"https:\\\/\\\/www.wromwrom.net\\\/de\\\/produkt\\\/rechberg-rennen-groer-bergpreis-von-sterreich-int\\\/\"]}]},{\"@type\":\"ImageObject\",\"inLanguage\":\"de\",\"@id\":\"https:\\\/\\\/www.wromwrom.net\\\/de\\\/produkt\\\/rechberg-rennen-groer-bergpreis-von-sterreich-int\\\/#primaryimage\",\"url\":\"https:\\\/\\\/www.wromwrom.net\\\/wp-content\\\/uploads\\\/2018\\\/02\\\/Rechberg-Rennen-Gro\u00dfer-Bergpreis-von-\u00d6sterreich-Int.-1.png\",\"contentUrl\":\"https:\\\/\\\/www.wromwrom.net\\\/wp-content\\\/uploads\\\/2018\\\/02\\\/Rechberg-Rennen-Gro\u00dfer-Bergpreis-von-\u00d6sterreich-Int.-1.png\",\"width\":370,\"height\":244,\"caption\":\"Rechberg Rennen Gro\u00dfer Bergpreis von \u00d6sterreich Int.\"},{\"@type\":\"BreadcrumbList\",\"@id\":\"https:\\\/\\\/www.wromwrom.net\\\/de\\\/produkt\\\/rechberg-rennen-groer-bergpreis-von-sterreich-int\\\/#breadcrumb\",\"itemListElement\":[{\"@type\":\"ListItem\",\"position\":1,\"name\":\"Home\",\"item\":\"https:\\\/\\\/www.wromwrom.net\\\/de\\\/\"},{\"@type\":\"ListItem\",\"position\":2,\"name\":\"Shop\",\"item\":\"https:\\\/\\\/www.wromwrom.net\\\/de\\\/shop\\\/\"},{\"@type\":\"ListItem\",\"position\":3,\"name\":\"Rechberg Rennen &#8220;Gro\u00dfer Bergpreis von \u00d6sterreich&#8221; Int.\"}]},{\"@type\":\"WebSite\",\"@id\":\"https:\\\/\\\/www.wromwrom.net\\\/de\\\/#website\",\"url\":\"https:\\\/\\\/www.wromwrom.net\\\/de\\\/\",\"name\":\"WromWrom.net\",\"description\":\"Mad about Racing\",\"publisher\":{\"@id\":\"https:\\\/\\\/www.wromwrom.net\\\/de\\\/#organization\"},\"potentialAction\":[{\"@type\":\"SearchAction\",\"target\":{\"@type\":\"EntryPoint\",\"urlTemplate\":\"https:\\\/\\\/www.wromwrom.net\\\/de\\\/?s={search_term_string}\"},\"query-input\":{\"@type\":\"PropertyValueSpecification\",\"valueRequired\":true,\"valueName\":\"search_term_string\"}}],\"inLanguage\":\"de\"},{\"@type\":\"Organization\",\"@id\":\"https:\\\/\\\/www.wromwrom.net\\\/de\\\/#organization\",\"name\":\"WromWrom.net\",\"url\":\"https:\\\/\\\/www.wromwrom.net\\\/de\\\/\",\"logo\":{\"@type\":\"ImageObject\",\"inLanguage\":\"de\",\"@id\":\"https:\\\/\\\/www.wromwrom.net\\\/de\\\/#\\\/schema\\\/logo\\\/image\\\/\",\"url\":\"https:\\\/\\\/www.wromwrom.net\\\/wp-content\\\/uploads\\\/2017\\\/12\\\/Logobeta-1.png\",\"contentUrl\":\"https:\\\/\\\/www.wromwrom.net\\\/wp-content\\\/uploads\\\/2017\\\/12\\\/Logobeta-1.png\",\"width\":512,\"height\":165,\"caption\":\"WromWrom.net\"},\"image\":{\"@id\":\"https:\\\/\\\/www.wromwrom.net\\\/de\\\/#\\\/schema\\\/logo\\\/image\\\/\"},\"sameAs\":[\"https:\\\/\\\/www.facebook.com\\\/WromWrom.net\\\/\",\"https:\\\/\\\/x.com\\\/wromwromracing\",\"https:\\\/\\\/www.youtube.com\\\/WromWrom\"]}]}<\/script>\n<!-- \/ Yoast SEO plugin. -->","yoast_head_json":{"title":"Rechberg Rennen \"Gro\u00dfer Bergpreis von \u00d6sterreich\" Int. - WromWrom.net","robots":{"index":"index","follow":"follow","max-snippet":"max-snippet:-1","max-image-preview":"max-image-preview:large","max-video-preview":"max-video-preview:-1"},"canonical":"https:\/\/www.wromwrom.net\/de\/produkt\/rechberg-rennen-groer-bergpreis-von-sterreich-int\/","og_locale":"de_DE","og_type":"article","og_title":"Rechberg Rennen \"Gro\u00dfer Bergpreis von \u00d6sterreich\" Int. - WromWrom.net","og_description":"Are you the author of the mod and we did not give you proper credit? Please get in contact with us so we can correct our error! Do we have wrong information on the page? Please let us know so we can correct it! Are you missing a mod, or do you want to upload [&hellip;]","og_url":"https:\/\/www.wromwrom.net\/de\/produkt\/rechberg-rennen-groer-bergpreis-von-sterreich-int\/","og_site_name":"WromWrom.net","article_publisher":"https:\/\/www.facebook.com\/WromWrom.net\/","article_modified_time":"2018-09-29T03:09:13+00:00","og_image":[{"width":370,"height":244,"url":"https:\/\/www.wromwrom.net\/wp-content\/uploads\/2018\/02\/Rechberg-Rennen-Gro\u00dfer-Bergpreis-von-\u00d6sterreich-Int.-1.png","type":"image\/png"}],"twitter_card":"summary_large_image","twitter_site":"@wromwromracing","schema":{"@context":"https:\/\/schema.org","@graph":[{"@type":"WebPage","@id":"https:\/\/www.wromwrom.net\/de\/produkt\/rechberg-rennen-groer-bergpreis-von-sterreich-int\/","url":"https:\/\/www.wromwrom.net\/de\/produkt\/rechberg-rennen-groer-bergpreis-von-sterreich-int\/","name":"Rechberg Rennen \"Gro\u00dfer Bergpreis von \u00d6sterreich\" Int. - WromWrom.net","isPartOf":{"@id":"https:\/\/www.wromwrom.net\/de\/#website"},"primaryImageOfPage":{"@id":"https:\/\/www.wromwrom.net\/de\/produkt\/rechberg-rennen-groer-bergpreis-von-sterreich-int\/#primaryimage"},"image":{"@id":"https:\/\/www.wromwrom.net\/de\/produkt\/rechberg-rennen-groer-bergpreis-von-sterreich-int\/#primaryimage"},"thumbnailUrl":"https:\/\/www.wromwrom.net\/wp-content\/uploads\/2018\/02\/Rechberg-Rennen-Gro\u00dfer-Bergpreis-von-\u00d6sterreich-Int.-1.png","datePublished":"2018-02-25T14:48:22+00:00","dateModified":"2018-09-29T03:09:13+00:00","breadcrumb":{"@id":"https:\/\/www.wromwrom.net\/de\/produkt\/rechberg-rennen-groer-bergpreis-von-sterreich-int\/#breadcrumb"},"inLanguage":"de","potentialAction":[{"@type":"ReadAction","target":["https:\/\/www.wromwrom.net\/de\/produkt\/rechberg-rennen-groer-bergpreis-von-sterreich-int\/"]}]},{"@type":"ImageObject","inLanguage":"de","@id":"https:\/\/www.wromwrom.net\/de\/produkt\/rechberg-rennen-groer-bergpreis-von-sterreich-int\/#primaryimage","url":"https:\/\/www.wromwrom.net\/wp-content\/uploads\/2018\/02\/Rechberg-Rennen-Gro\u00dfer-Bergpreis-von-\u00d6sterreich-Int.-1.png","contentUrl":"https:\/\/www.wromwrom.net\/wp-content\/uploads\/2018\/02\/Rechberg-Rennen-Gro\u00dfer-Bergpreis-von-\u00d6sterreich-Int.-1.png","width":370,"height":244,"caption":"Rechberg Rennen Gro\u00dfer Bergpreis von \u00d6sterreich Int."},{"@type":"BreadcrumbList","@id":"https:\/\/www.wromwrom.net\/de\/produkt\/rechberg-rennen-groer-bergpreis-von-sterreich-int\/#breadcrumb","itemListElement":[{"@type":"ListItem","position":1,"name":"Home","item":"https:\/\/www.wromwrom.net\/de\/"},{"@type":"ListItem","position":2,"name":"Shop","item":"https:\/\/www.wromwrom.net\/de\/shop\/"},{"@type":"ListItem","position":3,"name":"Rechberg Rennen &#8220;Gro\u00dfer Bergpreis von \u00d6sterreich&#8221; Int."}]},{"@type":"WebSite","@id":"https:\/\/www.wromwrom.net\/de\/#website","url":"https:\/\/www.wromwrom.net\/de\/","name":"WromWrom.net","description":"Mad about Racing","publisher":{"@id":"https:\/\/www.wromwrom.net\/de\/#organization"},"potentialAction":[{"@type":"SearchAction","target":{"@type":"EntryPoint","urlTemplate":"https:\/\/www.wromwrom.net\/de\/?s={search_term_string}"},"query-input":{"@type":"PropertyValueSpecification","valueRequired":true,"valueName":"search_term_string"}}],"inLanguage":"de"},{"@type":"Organization","@id":"https:\/\/www.wromwrom.net\/de\/#organization","name":"WromWrom.net","url":"https:\/\/www.wromwrom.net\/de\/","logo":{"@type":"ImageObject","inLanguage":"de","@id":"https:\/\/www.wromwrom.net\/de\/#\/schema\/logo\/image\/","url":"https:\/\/www.wromwrom.net\/wp-content\/uploads\/2017\/12\/Logobeta-1.png","contentUrl":"https:\/\/www.wromwrom.net\/wp-content\/uploads\/2017\/12\/Logobeta-1.png","width":512,"height":165,"caption":"WromWrom.net"},"image":{"@id":"https:\/\/www.wromwrom.net\/de\/#\/schema\/logo\/image\/"},"sameAs":["https:\/\/www.facebook.com\/WromWrom.net\/","https:\/\/x.com\/wromwromracing","https:\/\/www.youtube.com\/WromWrom"]}]}},"_links":{"self":[{"href":"https:\/\/www.wromwrom.net\/de\/wp-json\/wp\/v2\/product\/11597","targetHints":{"allow":["GET"]}}],"collection":[{"href":"https:\/\/www.wromwrom.net\/de\/wp-json\/wp\/v2\/product"}],"about":[{"href":"https:\/\/www.wromwrom.net\/de\/wp-json\/wp\/v2\/types\/product"}],"replies":[{"embeddable":true,"href":"https:\/\/www.wromwrom.net\/de\/wp-json\/wp\/v2\/comments?post=11597"}],"wp:featuredmedia":[{"embeddable":true,"href":"https:\/\/www.wromwrom.net\/de\/wp-json\/wp\/v2\/media\/11600"}],"wp:attachment":[{"href":"https:\/\/www.wromwrom.net\/de\/wp-json\/wp\/v2\/media?parent=11597"}],"wp:term":[{"taxonomy":"product_brand","embeddable":true,"href":"https:\/\/www.wromwrom.net\/de\/wp-json\/wp\/v2\/product_brand?post=11597"},{"taxonomy":"product_cat","embeddable":true,"href":"https:\/\/www.wromwrom.net\/de\/wp-json\/wp\/v2\/product_cat?post=11597"},{"taxonomy":"product_tag","embeddable":true,"href":"https:\/\/www.wromwrom.net\/de\/wp-json\/wp\/v2\/product_tag?post=11597"}],"curies":[{"name":"wp","href":"https:\/\/api.w.org\/{rel}","templated":true}]}}