{"id":142,"date":"2017-12-21T04:05:12","date_gmt":"2017-12-21T04:05:12","guid":{"rendered":"https:\/\/www.wromwrom.net\/reglas-de-la-comunidad\/"},"modified":"2018-01-11T13:56:27","modified_gmt":"2018-01-11T13:56:27","slug":"reglas-de-la-comunidad","status":"publish","type":"page","link":"https:\/\/www.wromwrom.net\/es\/reglas-de-la-comunidad\/","title":{"rendered":"Reglas de la Comunidad"},"content":{"rendered":"<p style=\"text-align: right;\"><em>&#8220;We believe that a community needs to make the visible statement about who the community is&#8221;<\/em> <strong>James Hunt<\/strong><\/p>\n<p style=\"text-align: right;\">&#8220;<em>We are all here to go racing and prejudice will never play any part in that<\/em>&#8221; <strong>Kimi R\u00e4ikkonnen<\/strong><\/p>\n<p>La base de esta comunidad es el <strong>respeto<\/strong>, as\u00ed que aplica la &#8220;<a href=\"http:\/\/knowyourmeme.com\/memes\/wheatons-law\">ley de Wheaton<\/a>&#8221; en cualquier ocasi\u00f3n: &#8220;No seas gilipo!!as&#8221;.<\/p>\n<p>Queremos divertirnos y relajarnos<\/p>\n<p>Luchamos, pero no nos hacemos dano. Nuestro objetivo no es destruir, es ganar. Con respeto.<\/p>\n<p>Nos hace felices ganar, no que alguien pierda.<\/p>\n<p>Nos ayudamos el uno al otro lo mejor que podemos<\/p>\n<p>ACEPTAMOS QUE NO SOMOS PERFECTOS, Y A VECES INCLUSO ESTAMOS EQUIVOCADOS<\/p>\n<p>Malas cosas suceden, pero no tratamos de crearlas ni de formar parte de ellas.<\/p>\n<p>No nos gustan las palabrotas, pero no son una violaci\u00f3n de las reglas.<\/p>\n<p>Nosotros tampoco estamos de acuerdo c\u00f3mo pronunciar el nombre del sitio<\/p>\n<p>Tus palabras son tuyas. Ten cuidado con lo que dices y trata siempre de ser amable en tu comunicaci\u00f3n.<\/p>\n<p>Todas las sims son iguales. Algunos disfrutan m\u00e1s de algunas. Otros disfrutan m\u00e1s de otras. Disfruta de la que quieras<\/p>\n<p>En caso de duda: <strong>no lo hagas<\/strong><\/p>\n<p>Somos respetuosos el uno del otro. En la carrera, aqu\u00ed, en RL. Por todas partes. No utilizamos<\/p>\n<ul>\n<li>insultos<\/li>\n<li>trato degradante<\/li>\n<li>trolling<\/li>\n<li>spam o UCE<\/li>\n<\/ul>\n<p>Comentarios que degraden cualquier raza, religi\u00f3n, g\u00e9nero, edad o habilidades no son aceptables. Tales comentarios ser\u00e1n moderados y posiblemente borrados, el autor se enfrentar\u00e1 a consecuencias.<\/p>\n<p>Se respetuoso de los derechos de autor<br \/>\nNo conduzcas ninguna actividad ilegal<br \/>\nNo utilices canciones con derechos de autor en los videos sin autorizaci\u00f3n<br \/>\nNo utilices ning\u00fan material protegido por derechos de autor sin autorizaci\u00f3n<br \/>\nCapturas de pantalla y videos de ti mismo corriendo un sim no son una violaci\u00f3n<\/p>\n<p>&nbsp;<\/p>\n<p><strong>Cualquier transgresi\u00f3n de estas reglas ser\u00e1 tratada tan r\u00e1pido como sea posible. Si es necesario, mediante una prohibici\u00f3n permanente del usuario. Estar aqu\u00ed entre SimRacers y aficionados es un privilegio, no un derecho de nacimiento.<\/strong><\/p>\n<p>Dejemos una cosa clara:<\/p>\n<p>Nuestra actitud con transgresores de nuestras reglas es &#8220;tres strikes y est\u00e1s fuera&#8221;, lo que significa que mocosos tienen <strong>como m\u00e1ximo<\/strong> dos oportunidades para cambiar su comportamiento. Dependiendo de su transgresi\u00f3n, el equipo de WromWrom.net puede decidir echarlos antes.<\/p>\n<p>Eso no significa que no perdonaremos a transgresores si cambian su comportamiento. Pero significa que no toleraremos las transgresiones de nuestras reglas, y no tendremos ning\u00fan problema en echar a transgresores para siempre.<\/p>\n<p>Si algo no est\u00e1 claro, no dudes en preguntar en cualquier momento. Preguntar es siempre una buena idea.<\/p>\n<p>Por favor, env\u00eda cualquier reporte de transgresion a <a class=\"autolink\" href=\"http:\/\/mailto;wromsite@wromwrom.net\">wromsite@wromwrom.net<\/a><\/p>\n","protected":false},"excerpt":{"rendered":"<p>&#8220;We believe that a community needs to make the visible statement about who the community is&#8221; James Hunt &#8220;We are all here to go racing and prejudice will never play any part in that&#8221; Kimi R\u00e4ikkonnen La base de esta comunidad es el respeto, as\u00ed que aplica la &#8220;ley de Wheaton&#8221; en cualquier ocasi\u00f3n: &#8220;No [&hellip;]<\/p>\n","protected":false},"author":1,"featured_media":0,"parent":0,"menu_order":0,"comment_status":"closed","ping_status":"closed","template":"","meta":{"_et_pb_use_builder":"","_et_pb_old_content":"","_et_gb_content_width":"","episode_type":"","audio_file":"","podmotor_file_id":"","podmotor_episode_id":"","cover_image":"","cover_image_id":"","duration":"","filesize":"","filesize_raw":"","date_recorded":"","explicit":"","block":"","itunes_episode_number":"","itunes_title":"","itunes_season_number":"","itunes_episode_type":"","footnotes":""},"class_list":["post-142","page","type-page","status-publish","hentry"],"yoast_head":"<!-- This site is optimized with the Yoast SEO plugin v27.5 - https:\/\/yoast.com\/product\/yoast-seo-wordpress\/ -->\n<title>Reglas de la Comunidad - WromWrom.net<\/title>\n<meta name=\"robots\" content=\"index, follow, max-snippet:-1, max-image-preview:large, max-video-preview:-1\" \/>\n<link rel=\"canonical\" href=\"https:\/\/www.wromwrom.net\/es\/reglas-de-la-comunidad\/\" \/>\n<meta property=\"og:locale\" content=\"es_ES\" \/>\n<meta property=\"og:type\" content=\"article\" \/>\n<meta property=\"og:title\" content=\"Reglas de la Comunidad - WromWrom.net\" \/>\n<meta property=\"og:description\" content=\"&#8220;We believe that a community needs to make the visible statement about who the community is&#8221; James Hunt &#8220;We are all here to go racing and prejudice will never play any part in that&#8221; Kimi R\u00e4ikkonnen La base de esta comunidad es el respeto, as\u00ed que aplica la &#8220;ley de Wheaton&#8221; en cualquier ocasi\u00f3n: &#8220;No [&hellip;]\" \/>\n<meta property=\"og:url\" content=\"https:\/\/www.wromwrom.net\/es\/reglas-de-la-comunidad\/\" \/>\n<meta property=\"og:site_name\" content=\"WromWrom.net\" \/>\n<meta property=\"article:publisher\" content=\"https:\/\/www.facebook.com\/WromWrom.net\/\" \/>\n<meta property=\"article:modified_time\" content=\"2018-01-11T13:56:27+00:00\" \/>\n<meta name=\"twitter:card\" content=\"summary_large_image\" \/>\n<meta name=\"twitter:site\" content=\"@wromwromracing\" \/>\n<meta name=\"twitter:label1\" content=\"Tiempo de lectura\" \/>\n\t<meta name=\"twitter:data1\" content=\"2 minutos\" \/>\n<script type=\"application\/ld+json\" class=\"yoast-schema-graph\">{\"@context\":\"https:\\\/\\\/schema.org\",\"@graph\":[{\"@type\":\"WebPage\",\"@id\":\"https:\\\/\\\/www.wromwrom.net\\\/es\\\/reglas-de-la-comunidad\\\/\",\"url\":\"https:\\\/\\\/www.wromwrom.net\\\/es\\\/reglas-de-la-comunidad\\\/\",\"name\":\"Reglas de la Comunidad - WromWrom.net\",\"isPartOf\":{\"@id\":\"https:\\\/\\\/www.wromwrom.net\\\/es\\\/#website\"},\"datePublished\":\"2017-12-21T04:05:12+00:00\",\"dateModified\":\"2018-01-11T13:56:27+00:00\",\"breadcrumb\":{\"@id\":\"https:\\\/\\\/www.wromwrom.net\\\/es\\\/reglas-de-la-comunidad\\\/#breadcrumb\"},\"inLanguage\":\"es\",\"potentialAction\":[{\"@type\":\"ReadAction\",\"target\":[\"https:\\\/\\\/www.wromwrom.net\\\/es\\\/reglas-de-la-comunidad\\\/\"]}]},{\"@type\":\"BreadcrumbList\",\"@id\":\"https:\\\/\\\/www.wromwrom.net\\\/es\\\/reglas-de-la-comunidad\\\/#breadcrumb\",\"itemListElement\":[{\"@type\":\"ListItem\",\"position\":1,\"name\":\"Home\",\"item\":\"https:\\\/\\\/www.wromwrom.net\\\/es\\\/\"},{\"@type\":\"ListItem\",\"position\":2,\"name\":\"Reglas de la Comunidad\"}]},{\"@type\":\"WebSite\",\"@id\":\"https:\\\/\\\/www.wromwrom.net\\\/es\\\/#website\",\"url\":\"https:\\\/\\\/www.wromwrom.net\\\/es\\\/\",\"name\":\"WromWrom.net\",\"description\":\"Mad about Racing\",\"publisher\":{\"@id\":\"https:\\\/\\\/www.wromwrom.net\\\/es\\\/#organization\"},\"potentialAction\":[{\"@type\":\"SearchAction\",\"target\":{\"@type\":\"EntryPoint\",\"urlTemplate\":\"https:\\\/\\\/www.wromwrom.net\\\/es\\\/?s={search_term_string}\"},\"query-input\":{\"@type\":\"PropertyValueSpecification\",\"valueRequired\":true,\"valueName\":\"search_term_string\"}}],\"inLanguage\":\"es\"},{\"@type\":\"Organization\",\"@id\":\"https:\\\/\\\/www.wromwrom.net\\\/es\\\/#organization\",\"name\":\"WromWrom.net\",\"url\":\"https:\\\/\\\/www.wromwrom.net\\\/es\\\/\",\"logo\":{\"@type\":\"ImageObject\",\"inLanguage\":\"es\",\"@id\":\"https:\\\/\\\/www.wromwrom.net\\\/es\\\/#\\\/schema\\\/logo\\\/image\\\/\",\"url\":\"https:\\\/\\\/www.wromwrom.net\\\/wp-content\\\/uploads\\\/2017\\\/12\\\/Logobeta-1.png\",\"contentUrl\":\"https:\\\/\\\/www.wromwrom.net\\\/wp-content\\\/uploads\\\/2017\\\/12\\\/Logobeta-1.png\",\"width\":512,\"height\":165,\"caption\":\"WromWrom.net\"},\"image\":{\"@id\":\"https:\\\/\\\/www.wromwrom.net\\\/es\\\/#\\\/schema\\\/logo\\\/image\\\/\"},\"sameAs\":[\"https:\\\/\\\/www.facebook.com\\\/WromWrom.net\\\/\",\"https:\\\/\\\/x.com\\\/wromwromracing\",\"https:\\\/\\\/www.youtube.com\\\/WromWrom\"]}]}<\/script>\n<!-- \/ Yoast SEO plugin. -->","yoast_head_json":{"title":"Reglas de la Comunidad - WromWrom.net","robots":{"index":"index","follow":"follow","max-snippet":"max-snippet:-1","max-image-preview":"max-image-preview:large","max-video-preview":"max-video-preview:-1"},"canonical":"https:\/\/www.wromwrom.net\/es\/reglas-de-la-comunidad\/","og_locale":"es_ES","og_type":"article","og_title":"Reglas de la Comunidad - WromWrom.net","og_description":"&#8220;We believe that a community needs to make the visible statement about who the community is&#8221; James Hunt &#8220;We are all here to go racing and prejudice will never play any part in that&#8221; Kimi R\u00e4ikkonnen La base de esta comunidad es el respeto, as\u00ed que aplica la &#8220;ley de Wheaton&#8221; en cualquier ocasi\u00f3n: &#8220;No [&hellip;]","og_url":"https:\/\/www.wromwrom.net\/es\/reglas-de-la-comunidad\/","og_site_name":"WromWrom.net","article_publisher":"https:\/\/www.facebook.com\/WromWrom.net\/","article_modified_time":"2018-01-11T13:56:27+00:00","twitter_card":"summary_large_image","twitter_site":"@wromwromracing","twitter_misc":{"Tiempo de lectura":"2 minutos"},"schema":{"@context":"https:\/\/schema.org","@graph":[{"@type":"WebPage","@id":"https:\/\/www.wromwrom.net\/es\/reglas-de-la-comunidad\/","url":"https:\/\/www.wromwrom.net\/es\/reglas-de-la-comunidad\/","name":"Reglas de la Comunidad - WromWrom.net","isPartOf":{"@id":"https:\/\/www.wromwrom.net\/es\/#website"},"datePublished":"2017-12-21T04:05:12+00:00","dateModified":"2018-01-11T13:56:27+00:00","breadcrumb":{"@id":"https:\/\/www.wromwrom.net\/es\/reglas-de-la-comunidad\/#breadcrumb"},"inLanguage":"es","potentialAction":[{"@type":"ReadAction","target":["https:\/\/www.wromwrom.net\/es\/reglas-de-la-comunidad\/"]}]},{"@type":"BreadcrumbList","@id":"https:\/\/www.wromwrom.net\/es\/reglas-de-la-comunidad\/#breadcrumb","itemListElement":[{"@type":"ListItem","position":1,"name":"Home","item":"https:\/\/www.wromwrom.net\/es\/"},{"@type":"ListItem","position":2,"name":"Reglas de la Comunidad"}]},{"@type":"WebSite","@id":"https:\/\/www.wromwrom.net\/es\/#website","url":"https:\/\/www.wromwrom.net\/es\/","name":"WromWrom.net","description":"Mad about Racing","publisher":{"@id":"https:\/\/www.wromwrom.net\/es\/#organization"},"potentialAction":[{"@type":"SearchAction","target":{"@type":"EntryPoint","urlTemplate":"https:\/\/www.wromwrom.net\/es\/?s={search_term_string}"},"query-input":{"@type":"PropertyValueSpecification","valueRequired":true,"valueName":"search_term_string"}}],"inLanguage":"es"},{"@type":"Organization","@id":"https:\/\/www.wromwrom.net\/es\/#organization","name":"WromWrom.net","url":"https:\/\/www.wromwrom.net\/es\/","logo":{"@type":"ImageObject","inLanguage":"es","@id":"https:\/\/www.wromwrom.net\/es\/#\/schema\/logo\/image\/","url":"https:\/\/www.wromwrom.net\/wp-content\/uploads\/2017\/12\/Logobeta-1.png","contentUrl":"https:\/\/www.wromwrom.net\/wp-content\/uploads\/2017\/12\/Logobeta-1.png","width":512,"height":165,"caption":"WromWrom.net"},"image":{"@id":"https:\/\/www.wromwrom.net\/es\/#\/schema\/logo\/image\/"},"sameAs":["https:\/\/www.facebook.com\/WromWrom.net\/","https:\/\/x.com\/wromwromracing","https:\/\/www.youtube.com\/WromWrom"]}]}},"_links":{"self":[{"href":"https:\/\/www.wromwrom.net\/es\/wp-json\/wp\/v2\/pages\/142","targetHints":{"allow":["GET"]}}],"collection":[{"href":"https:\/\/www.wromwrom.net\/es\/wp-json\/wp\/v2\/pages"}],"about":[{"href":"https:\/\/www.wromwrom.net\/es\/wp-json\/wp\/v2\/types\/page"}],"author":[{"embeddable":true,"href":"https:\/\/www.wromwrom.net\/es\/wp-json\/wp\/v2\/users\/1"}],"replies":[{"embeddable":true,"href":"https:\/\/www.wromwrom.net\/es\/wp-json\/wp\/v2\/comments?post=142"}],"version-history":[{"count":2,"href":"https:\/\/www.wromwrom.net\/es\/wp-json\/wp\/v2\/pages\/142\/revisions"}],"predecessor-version":[{"id":3303,"href":"https:\/\/www.wromwrom.net\/es\/wp-json\/wp\/v2\/pages\/142\/revisions\/3303"}],"wp:attachment":[{"href":"https:\/\/www.wromwrom.net\/es\/wp-json\/wp\/v2\/media?parent=142"}],"curies":[{"name":"wp","href":"https:\/\/api.w.org\/{rel}","templated":true}]}}